{"id":107,"date":"2016-01-24T12:06:12","date_gmt":"2016-01-24T11:06:12","guid":{"rendered":"http:\/\/klimaworld.ce-development.de\/?page_id=107"},"modified":"2016-01-24T12:06:12","modified_gmt":"2016-01-24T11:06:12","slug":"multisplit-klimaanlage","status":"publish","type":"page","link":"https:\/\/wp.klimaworld.com\/klimaanlage\/multisplit-klimaanlage\/","title":{"rendered":"Multisplit Klimaanlage"},"content":{"rendered":"<p>Nach der kleinen Einf\u00fchrung \u00fcber die zahlreichen Arten von Klimaanlagen ist die Kategorie der Multi Split Ger\u00e4te ein weiteres Kapitel, das Ihnen beim Treffen Ihrer Entscheidung (einer neuen Klimaanlage) weiterhelfen soll.<\/p>\n<div id=\"toc_container\" class=\"no_bullets\"><p class=\"toc_title\">Inhaltsverzeichnis<\/p><ul class=\"toc_list\"><li><a href=\"#Flexible_Moeglichkeiten_in_der_Klima-Welt\"><span class=\"toc_number toc_depth_1\">1<\/span> Flexible M\u00f6glichkeiten in der Klima-Welt<\/a><ul><li><a href=\"#Augen_auf_beim_Klimakauf\"><span class=\"toc_number toc_depth_2\">1.1<\/span> Augen auf beim Klimakauf<\/a><\/li><\/ul><\/li><li><a href=\"#Midea_Klimaanlagen_bieten_nicht_nur_eine_Loesung\"><span class=\"toc_number toc_depth_1\">2<\/span> Midea Klimaanlagen bieten nicht nur eine L\u00f6sung<\/a><\/li><li><a href=\"#Bausatz_Kaeltemittelleitung\"><span class=\"toc_number toc_depth_1\">3<\/span> Bausatz K\u00e4ltemittelleitung<\/a><\/li><\/ul><\/div>\n<h2><span id=\"Flexible_Moeglichkeiten_in_der_Klima-Welt\">Flexible M\u00f6glichkeiten in der Klima-Welt<\/span><\/h2>\n<p>Die <strong>Split Ger\u00e4te<\/strong> im Bereich der Klimaanlagen untergliedern sich nochmals in <a href=\"http:\/\/www.klimaanlage.info\/split-klimaanlage\/\">einfache Split Ger\u00e4te <\/a>und Multi Split Ger\u00e4te. Der Unterschied liegt hierbei, wie der Name schon erahnen l\u00e4sst, in der Anzahl der Innenger\u00e4te. Um als <strong>Multisplit Ger\u00e4t<\/strong> definiert zu werden, ben\u00f6tigt diese Konstruktion <strong>mindestens zwei Innenger\u00e4te<\/strong>, die mittels K\u00e4ltemittelleitung an ein Au\u00dfenger\u00e4t gekoppelt sind. Die Anzahl der Innenteile k\u00f6nnen beliebig und nach Bedarf bis auf f\u00fcnf Innenger\u00e4te aufgestockt werden. Dabei liegt es im eigenen Ermessen, ob Sie sich f\u00fcr eine Kombination bestehend aus Wandger\u00e4te oder aus Deckenkassetten entscheiden.<\/p>\n<p><img loading=\"lazy\" decoding=\"async\" class=\"aligncenter wp-image-116\" src=\"http:\/\/wp.klimaworld.com\/klimaanlage\/wp-content\/uploads\/sites\/2\/2016\/01\/Multi-Split-1-300x165.jpg\" alt=\"Konstruktionsm\u00f6glichkeit Multisplit Klimaanlage\" width=\"413\" height=\"227\" srcset=\"https:\/\/wp.klimaworld.com\/klimaanlage\/wp-content\/uploads\/sites\/2\/2016\/01\/Multi-Split-1-300x165.jpg 300w, https:\/\/wp.klimaworld.com\/klimaanlage\/wp-content\/uploads\/sites\/2\/2016\/01\/Multi-Split-1-260x143.jpg 260w, https:\/\/wp.klimaworld.com\/klimaanlage\/wp-content\/uploads\/sites\/2\/2016\/01\/Multi-Split-1-50x27.jpg 50w, https:\/\/wp.klimaworld.com\/klimaanlage\/wp-content\/uploads\/sites\/2\/2016\/01\/Multi-Split-1-146x80.jpg 146w, https:\/\/wp.klimaworld.com\/klimaanlage\/wp-content\/uploads\/sites\/2\/2016\/01\/Multi-Split-1.jpg 605w\" sizes=\"(max-width: 413px) 100vw, 413px\" \/><\/p>\n<p>Auch den Multi Split Ger\u00e4ten ist gemein, dass sie die Funktion des <strong>K\u00fchlens<\/strong> und <strong>Heizens<\/strong> beinhalten und eine meist <strong>sehr gute Effizienzklasse<\/strong> aufweisen. Vorwiegend wird auch in den Multisplit Ger\u00e4ten das umweltfreundliche K\u00e4ltemittel R410A verwendet. Und auch der Ger\u00e4uschpegel ist quasi gar nicht wahrnehmbar.<\/p>\n<h3><span id=\"Augen_auf_beim_Klimakauf\">Augen auf beim Klimakauf<\/span><\/h3>\n<p>Beim Einkauf m\u00fcssen Sie darauf achten, dass das Au\u00dfenger\u00e4t und die Innenteile miteinander kompatibel sind, sowohl in Bezug auf die Anzahl der Innenger\u00e4te, als auch die kW Zahl. Auch bei den Multisplit Ger\u00e4ten gibt es Abstufungen nach kW-Zahl, beginnend bei\u00a0 4,1 kW f\u00fcr zwei Innenteile, \u00fcber 5,3 kW bei drei Innenger\u00e4ten, bis hin zu 12,1 kW bei f\u00fcnf Innenteilen. Da auch die Raumgr\u00f6\u00dfe meistens variabel ist, wird auch hier Abhilfe durch unterschiedliche Ausf\u00fchrungen geboten.<\/p>\n<h2><span id=\"Midea_Klimaanlagen_bieten_nicht_nur_eine_Loesung\">Midea Klimaanlagen bieten nicht nur eine L\u00f6sung<\/span><\/h2>\n<p>Gut beraten sind Sie, wenn Sie sich gleich f\u00fcr die <strong>cleveren Klima Kombipakte<\/strong> entscheiden. Hierbei wurden je nach Bedarf aus dem Hause KlimaWorld Komplettsets zusammengestellt, bei denen Sie nur noch entscheiden m\u00fcssen, ob Wandger\u00e4te, Deckenkassetten oder eine Kombination aus beiden in Ihren Haushalt einziehen d\u00fcrfen. Midea bietet hier ein absolutes Power Paket an, bestehend aus einem Au\u00dfenger\u00e4t, einem Wandger\u00e4t und einer Deckenkassette f\u00fcr max. 1 x 26 m\u00b2\/ 1 x 36 m\u00b2. Die dazu geh\u00f6rige <strong>Kondensatpumpe<\/strong> und <strong>K\u00e4ltemittelleitung<\/strong> ist genauso in diesem Komplettset enthalten, wie jegliches Zubeh\u00f6r.<\/p>\n<p>Bei diesen Split Systemen k\u00f6nnen Sie s\u00e4mtliche Innenger\u00e4te individuell steuern und sogar unabh\u00e4ngig voneinander installieren. Die ausgereifte Technologie erm\u00f6glicht eine <strong>360\u00b0 Luftregulierung<\/strong> im ganzen Raum. Weitere nette Features wie die Anti-Kaltluft-Funktion heben diese Art der Klimatisierung auf ein neues Level.<\/p>\n<p>Nicht zuletzt bildet diese Art der Klimatisierung auch ein Statement in Sachen Design und Eleganz in Ihrem Zuhause. Das verdeckte LCD Display an den Innenger\u00e4ten ist modern zur\u00fcckhaltend, genau wie die Innenger\u00e4te, egal ob <strong>Decken- oder Wandkonstruktion<\/strong>.<\/p>\n<p>&nbsp;<\/p>\n<p><a href=\"http:\/\/www.klimaworld.com\/midea-multisplit-deckenkassetten-set-3m-61k-mit-3-kassetten-mmcad-27iu.html\" rel=\"attachment wp-att-140\"><img loading=\"lazy\" decoding=\"async\" class=\"alignnone size-medium wp-image-140\" src=\"http:\/\/wp.klimaworld.com\/klimaanlage\/wp-content\/uploads\/sites\/2\/2016\/01\/Deckenkassette_Midea-1-180x300.png\" alt=\"Deckenkassette_Midea\" width=\"180\" height=\"300\" srcset=\"https:\/\/wp.klimaworld.com\/klimaanlage\/wp-content\/uploads\/sites\/2\/2016\/01\/Deckenkassette_Midea-1-180x300.png 180w, https:\/\/wp.klimaworld.com\/klimaanlage\/wp-content\/uploads\/sites\/2\/2016\/01\/Deckenkassette_Midea-1-88x146.png 88w, https:\/\/wp.klimaworld.com\/klimaanlage\/wp-content\/uploads\/sites\/2\/2016\/01\/Deckenkassette_Midea-1-30x50.png 30w, https:\/\/wp.klimaworld.com\/klimaanlage\/wp-content\/uploads\/sites\/2\/2016\/01\/Deckenkassette_Midea-1-48x80.png 48w, https:\/\/wp.klimaworld.com\/klimaanlage\/wp-content\/uploads\/sites\/2\/2016\/01\/Deckenkassette_Midea-1.png 247w\" sizes=\"(max-width: 180px) 100vw, 180px\" \/><\/a>\u00a0 \u00a0 \u00a0 \u00a0 \u00a0 \u00a0 \u00a0 \u00a0 \u00a0 \u00a0 \u00a0 \u00a0 \u00a0 \u00a0 \u00a0 \u00a0 \u00a0 \u00a0 \u00a0 \u00a0 \u00a0 \u00a0 \u00a0 \u00a0 \u00a0 \u00a0 \u00a0 \u00a0 \u00a0 \u00a0 \u00a0 \u00a0 \u00a0 \u00a0 \u00a0 \u00a0\u00a0<a href=\"http:\/\/www.klimaworld.com\/midea-multisplit-set-mit-1-aussengeraet-und-3-wandgeraeten-mission.html\" rel=\"attachment wp-att-142\"><img loading=\"lazy\" decoding=\"async\" class=\"alignnone size-medium wp-image-142\" src=\"http:\/\/wp.klimaworld.com\/klimaanlage\/wp-content\/uploads\/sites\/2\/2016\/01\/Multisplit_Midea-1-190x300.png\" alt=\"Komplettes Multisplit Klimaanlage Medea\" width=\"190\" height=\"300\" srcset=\"https:\/\/wp.klimaworld.com\/klimaanlage\/wp-content\/uploads\/sites\/2\/2016\/01\/Multisplit_Midea-1-190x300.png 190w, https:\/\/wp.klimaworld.com\/klimaanlage\/wp-content\/uploads\/sites\/2\/2016\/01\/Multisplit_Midea-1-93x146.png 93w, https:\/\/wp.klimaworld.com\/klimaanlage\/wp-content\/uploads\/sites\/2\/2016\/01\/Multisplit_Midea-1-32x50.png 32w, https:\/\/wp.klimaworld.com\/klimaanlage\/wp-content\/uploads\/sites\/2\/2016\/01\/Multisplit_Midea-1-51x80.png 51w, https:\/\/wp.klimaworld.com\/klimaanlage\/wp-content\/uploads\/sites\/2\/2016\/01\/Multisplit_Midea-1.png 240w\" sizes=\"(max-width: 190px) 100vw, 190px\" \/><\/a>\u00a0 \u00a0 \u00a0 \u00a0 \u00a0 \u00a0 \u00a0 \u00a0 \u00a0 \u00a0 \u00a0 \u00a0 \u00a0 \u00a0 \u00a0 \u00a0 \u00a0 \u00a0 \u00a0 \u00a0 \u00a0<img loading=\"lazy\" decoding=\"async\" class=\"alignnone size-medium wp-image-141\" src=\"http:\/\/wp.klimaworld.com\/klimaanlage\/wp-content\/uploads\/sites\/2\/2016\/01\/Komplettset_Multisplit-1-300x178.png\" alt=\"Multisplit Klimaanlage Medea\" width=\"300\" height=\"178\" srcset=\"https:\/\/wp.klimaworld.com\/klimaanlage\/wp-content\/uploads\/sites\/2\/2016\/01\/Komplettset_Multisplit-1-300x178.png 300w, https:\/\/wp.klimaworld.com\/klimaanlage\/wp-content\/uploads\/sites\/2\/2016\/01\/Komplettset_Multisplit-1-246x146.png 246w, https:\/\/wp.klimaworld.com\/klimaanlage\/wp-content\/uploads\/sites\/2\/2016\/01\/Komplettset_Multisplit-1-50x30.png 50w, https:\/\/wp.klimaworld.com\/klimaanlage\/wp-content\/uploads\/sites\/2\/2016\/01\/Komplettset_Multisplit-1-135x80.png 135w, https:\/\/wp.klimaworld.com\/klimaanlage\/wp-content\/uploads\/sites\/2\/2016\/01\/Komplettset_Multisplit-1.png 558w\" sizes=\"(max-width: 300px) 100vw, 300px\" \/><\/p>\n<p>&nbsp;<\/p>\n<h2><span id=\"Bausatz_Kaeltemittelleitung\">Bausatz K\u00e4ltemittelleitung<\/span><\/h2>\n","protected":false},"excerpt":{"rendered":"<p>Nach der kleinen Einf\u00fchrung \u00fcber die zahlreichen Arten von Klimaanlagen ist die Kategorie der Multi Split Ger\u00e4te ein weiteres Kapitel, das Ihnen beim Treffen Ihrer Entscheidung [&hellip;]<\/p>\n","protected":false},"author":2,"featured_media":0,"parent":0,"menu_order":0,"comment_status":"closed","ping_status":"closed","template":"","meta":{"footnotes":""},"_links":{"self":[{"href":"https:\/\/wp.klimaworld.com\/klimaanlage\/wp-json\/wp\/v2\/pages\/107"}],"collection":[{"href":"https:\/\/wp.klimaworld.com\/klimaanlage\/wp-json\/wp\/v2\/pages"}],"about":[{"href":"https:\/\/wp.klimaworld.com\/klimaanlage\/wp-json\/wp\/v2\/types\/page"}],"author":[{"embeddable":true,"href":"https:\/\/wp.klimaworld.com\/klimaanlage\/wp-json\/wp\/v2\/users\/2"}],"replies":[{"embeddable":true,"href":"https:\/\/wp.klimaworld.com\/klimaanlage\/wp-json\/wp\/v2\/comments?post=107"}],"version-history":[{"count":0,"href":"https:\/\/wp.klimaworld.com\/klimaanlage\/wp-json\/wp\/v2\/pages\/107\/revisions"}],"wp:attachment":[{"href":"https:\/\/wp.klimaworld.com\/klimaanlage\/wp-json\/wp\/v2\/media?parent=107"}],"curies":[{"name":"wp","href":"https:\/\/api.w.org\/{rel}","templated":true}]}}