{"id":174,"date":"2016-02-25T12:16:47","date_gmt":"2016-02-25T11:16:47","guid":{"rendered":"http:\/\/www.klimaanlage.info\/?page_id=174"},"modified":"2018-03-23T10:58:42","modified_gmt":"2018-03-23T09:58:42","slug":"quick-connector-klimaanlage","status":"publish","type":"page","link":"https:\/\/wp.klimaworld.com\/klimaanlage\/quick-connector-klimaanlage\/","title":{"rendered":"Quick Connector Klimaanlage"},"content":{"rendered":"<p>Der Dschungel der Klimaanlagen ist auf den ersten Blick ein undurchsichtiger und vielschichtiger Wald aus unendlichen Fachbegriffen und Zahlen, die anf\u00e4nglich f\u00fcr Verwirrung sorgen. Wenn Sie f\u00fcr sich selbst die ein oder andere Frage beantworten k\u00f6nnen, gleicht der Dschungel viel mehr einem ordentlichen Biotop, das gut zu durchschauen ist.<\/p>\n<p>Die Frage danach was Klimaanlagen heutzutage leisten, ist hierbei durchaus berechtigt. Denn <strong>Klimager\u00e4te besitzen nicht nur die Funktion des K\u00fchlens<\/strong>, sie sind wahre Allrounder geworden, die zus\u00e4tzlich <strong>die Raumluft Heizen, Entfeuchten und Ventilieren k\u00f6nnen<\/strong>. Dies ist allerdings an einige Bedingungen wie Au\u00dfentemperaturen und Ausstattungen der einzelnen Klimager\u00e4te gebunden.<\/p>\n<p>sc<\/p>\n<div id=\"toc_container\" class=\"no_bullets\"><p class=\"toc_title\">Inhaltsverzeichnis<\/p><ul class=\"toc_list\"><li><a href=\"#Die_Technologie_der_Klimageraete_entwickelt_sich_weiter\"><span class=\"toc_number toc_depth_1\">1<\/span> Die Technologie der Klimager\u00e4te entwickelt sich weiter<\/a><\/li><li><a href=\"#Die_klassische_Variation\"><span class=\"toc_number toc_depth_1\">2<\/span> Die klassische Variation<\/a><\/li><li><a href=\"#8230eine_neue_easyklima_Variante\"><span class=\"toc_number toc_depth_1\">3<\/span> &#8230;eine neue easyklima Variante?<\/a><ul><li><a href=\"#OnOff_Klimageraet_vs_Inverter_Technologie\"><span class=\"toc_number toc_depth_2\">3.1<\/span> On\/Off Klimager\u00e4t vs. Inverter Technologie<\/a><\/li><\/ul><\/li><li><a href=\"#Und_so_einfach_wirds_kalt\"><span class=\"toc_number toc_depth_1\">4<\/span> Und so einfach wird\u2019s kalt:<\/a><\/li><li><a href=\"#Sind_denn_alle_Klimafragen_geklaert\"><span class=\"toc_number toc_depth_1\">5<\/span> Sind denn alle Klimafragen gekl\u00e4rt?<\/a><ul><li><a href=\"#Und_auch_hier_kommt_es_wieder_auf_die_Groesse_an\"><span class=\"toc_number toc_depth_2\">5.1<\/span> Und auch hier kommt es wieder auf die Gr\u00f6\u00dfe an<\/a><\/li><li><a href=\"#Midea_Klimaanlagenmit_dem_Easy_Quick_System\"><span class=\"toc_number toc_depth_2\">5.2<\/span> Midea Klimaanlagen\u00a0mit dem Easy Quick System<\/a><\/li><\/ul><\/li><\/ul><\/div>\n<h2><span id=\"Die_Technologie_der_Klimageraete_entwickelt_sich_weiter\">Die Technologie der Klimager\u00e4te entwickelt sich weiter<\/span><\/h2>\n<p>Um ein wenig Licht in den Dschungel zu bringen, sollte man sich zu allererst mit den m\u00f6glichen Kategorien einer \u201eKlimaworld\u201c auseinandersetzen. Hierzu finden Sie ausf\u00fchrliche Beschreibungen unter den Stichworten: <a href=\"http:\/\/www.klimaanlage.info\/mobile-klimaanlagen\/\">Mobile Klimaanlage<\/a>, Inverter Klimaanlage oder auch <a href=\"http:\/\/www.klimaanlage.info\/split-klimaanlage\/\">Split Klimaanlage<\/a> bereits in unserem Blog. Spannend ist auch, dass es \u201eHybride\u201c in der Welt der Klimaanlagen gibt. Inverter Klimaanlagen z.B. k\u00f6nnen gleichzeitig Split Klimager\u00e4te sein, denn die <strong>Technologie entwickelt sich so rasant<\/strong>, dass nicht nur die Effizienzklassen f\u00fcr die einst so Strom fressenden Ger\u00e4te immer besser werden, sondern auch die Montagem\u00f6glichkeiten und das Umweltbewusstsein haben sich nicht nur in der \u201eKlimaworld\u201c gewandelt.<\/p>\n<p>&nbsp;<\/p>\n<h2><span id=\"Die_klassische_Variation\">Die klassische Variation<\/span><\/h2>\n<p>Die richtige Variante ist es, einen <strong>Klimaprofi f\u00fcr die Montage der neu erworbenen Klimaanlage zu rufen<\/strong>, der einem nicht nur sach- sondern auch und fachgerecht zur Seite steht und alle anstehenden Fragen schnell beanschnetworten kann. Er ist Profi in Sachen Evakuierung der Anlage (Mindest-Unterdruck von 30 mbar), Pr\u00fcfen auf Undichtigkeit im Unterdruck (im Normalfall eine Wartezeit von 24 Std.) und dem Bef\u00fcllen der Klimaanlage mit dem daf\u00fcr vorgesehenen K\u00e4ltemittel (z.B. R410a, R-22, R-407C, R-410). Danach wird in der Regel ein Funktionstest durchgef\u00fchrt, um den K\u00e4ltedruck zu \u00fcberpr\u00fcfen und die gew\u00fcnschten Funktionen des Heizens und K\u00fchlens gew\u00e4hrleisten zu k\u00f6nnen.<\/p>\n<p>&nbsp;<\/p>\n<h2><span id=\"8230eine_neue_easyklima_Variante\">&#8230;eine neue easyklima Variante?<\/span><\/h2>\n<p>Eine weitere M\u00f6glichkeit ist es, Klimager\u00e4te mit Hilfe einer <strong>Quick Connector Version<\/strong> zu montieren. Hierbei handelt es sich um <strong>Schnellverschl\u00fcsse z.B. in Schraubform<\/strong>, die eine schnelle und unkomplizierte Montage der Klimaanlage erm\u00f6glichen. Der Vorteil liegt klar auf der Hand: Beim Anschluss werden\u00a0 Zeit und Kosten gespart. Denn diese \u201eeasy quick Verschl\u00fcsse\u201c sind <strong>bereits mit K\u00e4ltemittel vor bef\u00fcllt und somit sofort einsatzf\u00e4hig<\/strong>. Die fachkundige, zertifizierte Person braucht beim Anschluss keine zus\u00e4tzlichen, fachspezifischen Hilfsmittel, wie etwa eine Vakuumpumpe. Nichts desto trotz sollte die beigef\u00fcgte Anleitung genau studiert und gelesen werden. Nur ein exakter Einbau und eine saubere Montage garantieren eine sachgem\u00e4\u00dfe Funktion Ihrer Klimaanlage.<\/p>\n<p>Diese Form der Klimager\u00e4te ist so modern, dass sie eine <strong>intelligente Steuerung besitzt<\/strong>, die immer die gew\u00fcnschte Temperatur erzielt und dies auf eine sehr <strong>stromsparende und effiziente Art<\/strong> und Weise. Je nach Ausf\u00fchrung gilt auch hierbei die Funktion des Heizens und K\u00fchlens erneut. Doch wie funktioniert diese Quick Connector Klimaanlage f\u00fcr die schnelle und g\u00fcnstige Montage? An dem Beispiel der <a href=\"http:\/\/www.klimaworld.com\/split-klimaanlage-dc-inverter-2-8-kw-msr23-09hrdn1-qe-comfee-komplettset.html\">Split Klimaanlage DC Inverter 2,8kW MSR23-09HRDN1-QE Comfee Komplettse<\/a>t aus dem Hause Midea f\u00fchren wir einen Selbsttest durch.<\/p>\n<p>&nbsp;<\/p>\n<h3><span id=\"OnOff_Klimageraet_vs_Inverter_Technologie\">On\/Off Klimager\u00e4t vs. Inverter Technologie<\/span><\/h3>\n<p>Wie bereits der Name der Klimaanlage verr\u00e4t, handelt sich bei diesem Model um ein <a href=\"http:\/\/www.klimaanlage.info\/inverter-klimageraet\/\">Inverter Split Ger\u00e4t<\/a>, das im Gegenteil zu einem herk\u00f6mmlichen ON\/OFF Klimager\u00e4t mit Hilfe <strong>minimalster Stromanforderung die Raumtemperatur konstant h\u00e4lt<\/strong> und somit wesentlich leistungsf\u00e4higer arbeiten kann.<\/p>\n<p>On Top enth\u00e4lt dieses Ger\u00e4t eine <strong>W\u00e4rmepumpentechnik der Extraklasse<\/strong>, die ein Heizen und K\u00fchlen in Ihren Wohnr\u00e4umen gew\u00e4hrleistet.<\/p>\n<p>Das besondere dieser Split-Klimaanlage quick connect sind jedoch die Schnellverschl\u00fcsse an der K\u00e4ltemittelleitung, die mit dem schon bekannten K\u00e4ltemittel R410a bereits vorab bef\u00fcllt wurden. Die Inbetriebnahme kann aufgrund sorgf\u00e4ltig verl\u00f6teter Schnellkupplungen sofort erfolgen.<\/p>\n<p>Dieses Set besteht aus einer Inneneinheit und einem Au\u00dfenger\u00e4t, dem n\u00f6tigen Montagezubeh\u00f6r, einer 5m langen K\u00e4ltemittelleitung mit Schnellverschl\u00fcssen und einer Kondensatpumpe.<\/p>\n<p>Achten Sie bei der K\u00e4ltemittelleitung immer darauf eine Mindestl\u00e4nge von 3 Meter zu bestellen, da sie st\u00f6rende Ger\u00e4usche am einfachsten minimieren k\u00f6nnen.<\/p>\n<p>&nbsp;<\/p>\n<h2><span id=\"Und_so_einfach_wirds_kalt\">Und so einfach wird\u2019s kalt:<\/span><\/h2>\n<p>Die mitgelieferte <strong>Inneneinheit sollte<\/strong> immer nach Montageanleitung <strong>an der Wand angebracht werden<\/strong>. Am besten wird das Innenger\u00e4t aber so hoch wie m\u00f6glich mit den n\u00f6tigen Mindestabst\u00e4nden (15 cm nach oben, je 12 cm nach rechts und links, 20 cm nach unten) angebohrt. Das wichtigste ist, dass die Split Einheit f\u00fcr den Innenbereich komplett waagerecht an Ihrer Wand angebracht wird, mit einem Gef\u00e4lle nach au\u00dfen, damit die Inneneinheit nicht tropft und das Kondenswasser ordnungsgem\u00e4\u00df ablaufen kann. Auch die elektrischen Leitungen werden in diesem Schritt verlegt.<\/p>\n<p><a href=\"http:\/\/wp.klimaworld.com\/klimaanlage\/wp-content\/uploads\/sites\/2\/2016\/02\/halterung_cam_01_600px-1.gif\"><img loading=\"lazy\" decoding=\"async\" class=\"aligncenter wp-image-182 size-full\" src=\"http:\/\/wp.klimaworld.com\/klimaanlage\/wp-content\/uploads\/sites\/2\/2016\/02\/halterung_cam_01_600px-1.gif\" alt=\"halterung_cam_01_600px\" width=\"600\" height=\"338\" \/><\/a><\/p>\n<p>&nbsp;<\/p>\n<p>Im n\u00e4chsten Schritt befestigen Sie die <strong>Au\u00dfeneinheit gegeben falls an der Fassade<\/strong>. Beachten Sie jedoch auch hier die genaue Montageanleitung um Fehler zu vermeiden. Auch hier gibt es Normen und wichtige Abst\u00e4nde (20 cm nach hinten, 30 cm nach links, 60 cm nach rechts, 100 cm nach vorne), die unbedingt eingehalten werden sollten. Ihren Nachbarn zuliebe achten Sie darauf, dass Sie niemanden mit der Lautst\u00e4rke zu nahetreten und bedenken Sie, dass eine gute Zug\u00e4nglichkeit f\u00fcr sp\u00e4tere Wartungsarbeiten einen gl\u00fccklichen Klimaanlagentechniker hinterlassen werden.<\/p>\n<p><a href=\"http:\/\/wp.klimaworld.com\/klimaanlage\/wp-content\/uploads\/sites\/2\/2016\/02\/gif2-1.gif\" rel=\"attachment wp-att-192\"><img loading=\"lazy\" decoding=\"async\" class=\"size-full wp-image-192 aligncenter\" src=\"http:\/\/wp.klimaworld.com\/klimaanlage\/wp-content\/uploads\/sites\/2\/2016\/02\/gif2-1.gif\" alt=\"gif2\" width=\"600\" height=\"338\" \/><\/a><\/p>\n<p>&nbsp;<\/p>\n<p>Bei Montagen im Dachbereich seien Sie sich zuvor \u00fcber die entstehenden Kosten im Klaren, denn die n\u00f6tigen Sicherheitsvorkehrungen um D\u00e4cher zu betreten, k\u00f6nnen in der Regel h\u00f6her sein, als bei einer Montage an der Au\u00dfenwand.<\/p>\n<p>Jetzt folgt einer der spannendsten Schritte: <strong>Verbinden Sie die K\u00fchlmittelleitungen zuerst mit dem Innenger\u00e4t<\/strong>, danach verbinden Sie die K\u00fchlmittelleitungen mit der Au\u00dfeneinheit und \u00f6ffnen die vorhandenen <strong>Ventile unter Zuhilfenahme eines Sechskantschl\u00fcssels<\/strong>. Der n\u00e4chste Schritt ist mit der wichtigste, die elektrischen Leitungen zwischen der Inneneinheit und dem Au\u00dfenger\u00e4t muss erfolgen, um anschlie\u00dfend die Split Klimaanlage im Innenbereich an das Stromnetz anzuschlie\u00dfen.<\/p>\n<p><a href=\"http:\/\/wp.klimaworld.com\/klimaanlage\/wp-content\/uploads\/sites\/2\/2016\/02\/gif3-1.gif\" rel=\"attachment wp-att-195\"><img loading=\"lazy\" decoding=\"async\" class=\"size-full wp-image-195 aligncenter\" src=\"http:\/\/wp.klimaworld.com\/klimaanlage\/wp-content\/uploads\/sites\/2\/2016\/02\/gif3-1.gif\" alt=\"gif3\" width=\"600\" height=\"338\" \/><\/a><\/p>\n<p>&nbsp;<\/p>\n<p>Nat\u00fcrlich ist diese kurze \u00dcbersicht nur eines von vielen m\u00f6glichen Beispielen um ein Klima Splitger\u00e4t per Quick Connector anzuschlie\u00dfen. Wichtig sind immer die beiliegende Gebrauchsanweisung und die darin enthaltenden Anweisungen.<\/p>\n<p>Auch nach dieser m\u00f6glichen Anleitung kommen Ihnen vielleicht Fragen auf, wie: Wie h\u00e4ufig kann man die elektrischen und die K\u00fchlmittelleitungen trennen? Darf man diese Art Klimaanlagen selbst montieren? Handelt es sich hierbei um ein Komplettset?<\/p>\n<p>&nbsp;<\/p>\n<h2><span id=\"Sind_denn_alle_Klimafragen_geklaert\">Sind denn alle Klimafragen gekl\u00e4rt?<\/span><\/h2>\n<p>Die <strong>Leitungen sind sehr hochwertig verarbeitet<\/strong> und k\u00f6nnen so das eine oder andere Mal getrennt und wieder zusammengef\u00fcgt werden, jedoch sollte dies nicht h\u00e4ufiger der Fall werden als 10 Mal. Die quick connect Klimaanlagen sind darauf ausgelegt, im Handumdrehen einsatzbereit zu sein, zudem k\u00f6nnen Sie selbst angebracht werden.\u00a0 Dabei sollte sich jedoch genauestens an die beigef\u00fcgte Anleitung gehalten werden und eine zertifizierte, fachkundige Person zu Rate gezogen werden. Da Sie auch so bei Garantief\u00e4llen immer auf der sicheren Seite sind. Bei dem eben beschriebenen Beispiel handelt es sich tats\u00e4chlich um ein <strong>Komplettset<\/strong>, das sofort gebrauchsfertig geliefert wird und das ganze auch noch <strong>versandkostenfrei innerhalb Deutschlands<\/strong>.<\/p>\n<p>Generell gilt\u00a0laut der EU Verordnung:<\/p>\n<p><strong>\u201eInbetriebnahmen von Split Klimager\u00e4ten darf laut EU-Verordnung 517\/2014 nur von zertifizierten Fachbetrieben vorgenommen werden\u201c<\/strong><\/p>\n<h3><span id=\"Und_auch_hier_kommt_es_wieder_auf_die_Groesse_an\">Und auch hier kommt es wieder auf die Gr\u00f6\u00dfe an<\/span><\/h3>\n<p>Und nat\u00fcrlich gibt es auch hier wieder <strong>unterschiedliche Ausf\u00fchrungen an Klimager\u00e4ten<\/strong>, die am einfachsten an Hand von Raumgr\u00f6\u00dfen nachzuvollziehen sind. Das zuvor beschriebene Klimager\u00e4t Split mit easy connect Funktion eignet sich f\u00fcr eine Raumgr\u00f6\u00dfe von 30m\u00b2. Die weiteren Raum- und kW Gr\u00f6\u00dfen liegen <strong>im Durchschnitt bei 3,5kW f\u00fcr 50m\u00b2<\/strong> bis hin zu einer Ausdehnung von <strong>90 m\u00b2 bis 7,0 kW<\/strong>.<\/p>\n<p>Mit Hilfe des <a href=\"http:\/\/www.klimaanlage.info\/klimarechner\/\">Klimarechners<\/a> k\u00f6nnen Sie f\u00fcr Ihren Wohnraum die richtigen Produkte finden.<\/p>\n<p>Im gro\u00dfen und Ganzen entwickelt sich die \u201eKlimaworld\u201c st\u00e4ndig weiter. Immer neue Technologien und Innovationen erleichtern es einem das <strong>optimale Raumklima f\u00fcr einen selbst zu gestalten<\/strong>. F\u00fcr welche Art der Klimatisierung Sie sich entscheiden, bleibt Ihnen \u00fcberlassen. Eine beachtliche Auswahl an <strong>hochwertigen Klimager\u00e4ten in mannigfaltiger Auswahl<\/strong> finden Sie\u00a0auf jeden Fall im Onlineshop.<\/p>\n<p>Hinweis: Seit dem 01.08.2008 ist es gesetzlich vorgeschrieben, dass die Anbringung der K\u00e4ltemittelleitung von einem Fachbetrieb durchgef\u00fchrt werden m\u00fcssen \u2013 auch wenn Sie ein <strong>Splitger\u00e4t<\/strong> mit <strong>Quick Connectoren<\/strong> und vorgef\u00fcllten Leitungen erworben haben.<\/p>\n<h3><span id=\"Midea_Klimaanlagenmit_dem_Easy_Quick_System\">Midea Klimaanlagen\u00a0mit dem Easy Quick System<\/span><\/h3>\n\n\t\t<style type=\"text\/css\">\n\t\t\t#gallery-1 {\n\t\t\t\tmargin: auto;\n\t\t\t}\n\t\t\t#gallery-1 .gallery-item {\n\t\t\t\tfloat: left;\n\t\t\t\tmargin-top: 10px;\n\t\t\t\ttext-align: center;\n\t\t\t\twidth: 33%;\n\t\t\t}\n\t\t\t#gallery-1 img {\n\t\t\t\tborder: 2px solid #cfcfcf;\n\t\t\t}\n\t\t\t#gallery-1 .gallery-caption {\n\t\t\t\tmargin-left: 0;\n\t\t\t}\n\t\t\t\/* see gallery_shortcode() in wp-includes\/media.php *\/\n\t\t<\/style>\n\t\t<div id='gallery-1' class='gallery galleryid-174 gallery-columns-3 gallery-size-medium'><dl class='gallery-item'>\n\t\t\t<dt class='gallery-icon portrait'>\n\t\t\t\t<img loading=\"lazy\" decoding=\"async\" width=\"214\" height=\"300\" src=\"https:\/\/wp.klimaworld.com\/klimaanlage\/wp-content\/uploads\/sites\/2\/2016\/02\/Bildschirmfoto-2016-04-11-um-15.30.58-1-214x300.png\" class=\"attachment-medium size-medium\" alt=\"Easy Quick System - Split Klimaanlage - Midea\" aria-describedby=\"gallery-1-216\" srcset=\"https:\/\/wp.klimaworld.com\/klimaanlage\/wp-content\/uploads\/sites\/2\/2016\/02\/Bildschirmfoto-2016-04-11-um-15.30.58-1-214x300.png 214w, https:\/\/wp.klimaworld.com\/klimaanlage\/wp-content\/uploads\/sites\/2\/2016\/02\/Bildschirmfoto-2016-04-11-um-15.30.58-1-104x146.png 104w, https:\/\/wp.klimaworld.com\/klimaanlage\/wp-content\/uploads\/sites\/2\/2016\/02\/Bildschirmfoto-2016-04-11-um-15.30.58-1-36x50.png 36w, https:\/\/wp.klimaworld.com\/klimaanlage\/wp-content\/uploads\/sites\/2\/2016\/02\/Bildschirmfoto-2016-04-11-um-15.30.58-1-57x80.png 57w, https:\/\/wp.klimaworld.com\/klimaanlage\/wp-content\/uploads\/sites\/2\/2016\/02\/Bildschirmfoto-2016-04-11-um-15.30.58-1.png 229w\" sizes=\"(max-width: 214px) 100vw, 214px\" \/>\n\t\t\t<\/dt>\n\t\t\t\t<dd class='wp-caption-text gallery-caption' id='gallery-1-216'>\n\t\t\t\tSplit Klimaanlage MSR23-18HRDN1-QE Comfee 10000262 DC Inverter 4,8 kW Komplettset\n\t\t\t\t<\/dd><\/dl><dl class='gallery-item'>\n\t\t\t<dt class='gallery-icon portrait'>\n\t\t\t\t<img loading=\"lazy\" decoding=\"async\" width=\"242\" height=\"252\" src=\"https:\/\/wp.klimaworld.com\/klimaanlage\/wp-content\/uploads\/sites\/2\/2016\/02\/Bildschirmfoto-2016-04-11-um-15.35.52-1.png\" class=\"attachment-medium size-medium\" alt=\"\" aria-describedby=\"gallery-1-217\" srcset=\"https:\/\/wp.klimaworld.com\/klimaanlage\/wp-content\/uploads\/sites\/2\/2016\/02\/Bildschirmfoto-2016-04-11-um-15.35.52-1.png 242w, https:\/\/wp.klimaworld.com\/klimaanlage\/wp-content\/uploads\/sites\/2\/2016\/02\/Bildschirmfoto-2016-04-11-um-15.35.52-1-140x146.png 140w, https:\/\/wp.klimaworld.com\/klimaanlage\/wp-content\/uploads\/sites\/2\/2016\/02\/Bildschirmfoto-2016-04-11-um-15.35.52-1-48x50.png 48w, https:\/\/wp.klimaworld.com\/klimaanlage\/wp-content\/uploads\/sites\/2\/2016\/02\/Bildschirmfoto-2016-04-11-um-15.35.52-1-77x80.png 77w\" sizes=\"(max-width: 242px) 100vw, 242px\" \/>\n\t\t\t<\/dt>\n\t\t\t\t<dd class='wp-caption-text gallery-caption' id='gallery-1-217'>\n\t\t\t\tSplit-Klimaanlage DC Inverter MS11M6-18HRFN1-QE 4,5 kW Comfee 10000290\n\t\t\t\t<\/dd><\/dl><dl class='gallery-item'>\n\t\t\t<dt class='gallery-icon portrait'>\n\t\t\t\t<img loading=\"lazy\" decoding=\"async\" width=\"207\" height=\"228\" src=\"https:\/\/wp.klimaworld.com\/klimaanlage\/wp-content\/uploads\/sites\/2\/2016\/02\/Bildschirmfoto-2016-04-11-um-15.40.22-1.png\" class=\"attachment-medium size-medium\" alt=\"\" aria-describedby=\"gallery-1-219\" srcset=\"https:\/\/wp.klimaworld.com\/klimaanlage\/wp-content\/uploads\/sites\/2\/2016\/02\/Bildschirmfoto-2016-04-11-um-15.40.22-1.png 207w, https:\/\/wp.klimaworld.com\/klimaanlage\/wp-content\/uploads\/sites\/2\/2016\/02\/Bildschirmfoto-2016-04-11-um-15.40.22-1-133x146.png 133w, https:\/\/wp.klimaworld.com\/klimaanlage\/wp-content\/uploads\/sites\/2\/2016\/02\/Bildschirmfoto-2016-04-11-um-15.40.22-1-45x50.png 45w, https:\/\/wp.klimaworld.com\/klimaanlage\/wp-content\/uploads\/sites\/2\/2016\/02\/Bildschirmfoto-2016-04-11-um-15.40.22-1-73x80.png 73w\" sizes=\"(max-width: 207px) 100vw, 207px\" \/>\n\t\t\t<\/dt>\n\t\t\t\t<dd class='wp-caption-text gallery-caption' id='gallery-1-219'>\n\t\t\t\tSplit Klimaanlage DC Inverter 2,8 kW MSR23-09HRDN1-QE Comfee Komplettset\n\t\t\t\t<\/dd><\/dl><br style=\"clear: both\" \/>\n\t\t<\/div>\n\n<p><a href=\"http:\/\/www.klimaworld.com\/klimaanlagen-und-klimagerate\/klima-easy-quick-systeme\/hersteller\/midea.html\" target=\"_blank\" rel=\"nofollow noopener\">Artikel\u00fcbersicht: Easy Quick System Midea<\/a><\/p>\n<p>&nbsp;<\/p>\n","protected":false},"excerpt":{"rendered":"<p>Der Dschungel der Klimaanlagen ist auf den ersten Blick ein undurchsichtiger und vielschichtiger Wald aus unendlichen Fachbegriffen und Zahlen, die anf\u00e4nglich f\u00fcr Verwirrung sorgen. Wenn Sie [&hellip;]<\/p>\n","protected":false},"author":3,"featured_media":0,"parent":0,"menu_order":0,"comment_status":"closed","ping_status":"closed","template":"","meta":{"footnotes":""},"_links":{"self":[{"href":"https:\/\/wp.klimaworld.com\/klimaanlage\/wp-json\/wp\/v2\/pages\/174"}],"collection":[{"href":"https:\/\/wp.klimaworld.com\/klimaanlage\/wp-json\/wp\/v2\/pages"}],"about":[{"href":"https:\/\/wp.klimaworld.com\/klimaanlage\/wp-json\/wp\/v2\/types\/page"}],"author":[{"embeddable":true,"href":"https:\/\/wp.klimaworld.com\/klimaanlage\/wp-json\/wp\/v2\/users\/3"}],"replies":[{"embeddable":true,"href":"https:\/\/wp.klimaworld.com\/klimaanlage\/wp-json\/wp\/v2\/comments?post=174"}],"version-history":[{"count":2,"href":"https:\/\/wp.klimaworld.com\/klimaanlage\/wp-json\/wp\/v2\/pages\/174\/revisions"}],"predecessor-version":[{"id":321,"href":"https:\/\/wp.klimaworld.com\/klimaanlage\/wp-json\/wp\/v2\/pages\/174\/revisions\/321"}],"wp:attachment":[{"href":"https:\/\/wp.klimaworld.com\/klimaanlage\/wp-json\/wp\/v2\/media?parent=174"}],"curies":[{"name":"wp","href":"https:\/\/api.w.org\/{rel}","templated":true}]}}