{"id":25,"date":"2015-12-03T10:13:08","date_gmt":"2015-12-03T09:13:08","guid":{"rendered":"http:\/\/klimaworld.ce-development.de\/?page_id=25"},"modified":"2015-12-03T10:13:08","modified_gmt":"2015-12-03T09:13:08","slug":"klimaanlagenarten","status":"publish","type":"page","link":"https:\/\/wp.klimaworld.com\/klimaanlage\/klimaanlagenarten\/","title":{"rendered":"Klimaanlagenarten"},"content":{"rendered":"<div id=\"toc_container\" class=\"no_bullets\"><p class=\"toc_title\">Inhaltsverzeichnis<\/p><ul class=\"toc_list\"><li><a href=\"#Klimaanlagen_sind_nicht_gleich_Klimaanlagen\"><span class=\"toc_number toc_depth_1\">1<\/span> Klimaanlagen sind nicht gleich Klimaanlagen<\/a><ul><li><a href=\"#Klimageraete_sollten_nicht_nur_kuehlen_koennen\"><span class=\"toc_number toc_depth_2\">1.1<\/span> Klimager\u00e4te sollten nicht nur k\u00fchlen k\u00f6nnen<\/a><\/li><li><a href=\"#Zentrale_Klimaanlagen_vs_Dezentrale_Klimageraete\"><span class=\"toc_number toc_depth_2\">1.2<\/span> Zentrale Klimaanlagen vs. Dezentrale Klimager\u00e4te<\/a><\/li><li><a href=\"#Bueroraeume_Wohnungen_und_Mobilitaet\"><span class=\"toc_number toc_depth_2\">1.3<\/span> B\u00fcror\u00e4ume, Wohnungen und Mobilit\u00e4t<\/a><\/li><\/ul><\/li><li><a href=\"#Split_Geraete_und_Multisplit-Klimaanlagen\"><span class=\"toc_number toc_depth_1\">2<\/span> Split Ger\u00e4te und Multisplit-Klimaanlagen<\/a><ul><li><a href=\"#Das_Beste_kommt_zum_Schluss\"><span class=\"toc_number toc_depth_2\">2.1<\/span> Das Beste kommt zum Schluss<\/a><\/li><\/ul><\/li><\/ul><\/div>\n<h2><span id=\"Klimaanlagen_sind_nicht_gleich_Klimaanlagen\">Klimaanlagen sind nicht gleich Klimaanlagen<\/span><\/h2>\n<p>Wer leistungsf\u00e4hig sein muss und einen klaren Kopf nicht nur bei der Arbeit bewahren will, braucht saubere und <strong>klimatisierte<\/strong> <strong>Luft<\/strong>. Dies ist der Fall bei circa 21\u00b0 C Raumtemperatur und einer relativen Luftfeuchte von 50 %. Wissenschaften belegen eine saubere Luft bei etwa 78 % Stickstoff, 21 % Sauerstoff, 0,93 % Edelgase und einen sehr geringen Anteil von nur 0,03 % an Kohlendioxid. Was so hoch wissenschaftlich klingt, bewerkstelligen nicht nur die <strong>Klimager\u00e4te<\/strong> aus dem Hause <strong>Midea<\/strong>.<\/p>\n<h3><span id=\"Klimageraete_sollten_nicht_nur_kuehlen_koennen\">Klimager\u00e4te sollten nicht nur k\u00fchlen k\u00f6nnen<\/span><\/h3>\n<p>Wer sich eine Klimaanlage zulegen m\u00f6chte, steht am Anfang dieser Anschaffung vor einem Berg an Fragen. Bevor Sie sich durch die Produktkataloge der Klimager\u00e4te durchforsten, erhalten Sie einen allgemeinen \u00dcberblick \u00fcber die reichhaltige Vielfalt an Klimager\u00e4ten, die allesamt vier Funktionen erf\u00fcllen sollten, um als Klimaanlage bezeichnet zu werden: K\u00fchlen, Heizen, Befeuchten und Entfeuchten. Sobald einer dieser Funktionen entf\u00e4llt, handelt es sich nur noch um eine Teilklimaanlage.<\/p>\n<p>Die genaue Typisierung der Klimager\u00e4te ist oft schwierig und umfasst mittlerweile ein breites Spektrum an Kategorien. Eine M\u00f6glichkeit der Kategorisierung ist die Lage des Klimager\u00e4ts, nimmt sie eine zentrale oder dezentrale Lage des Orts ein.<\/p>\n<h3><span id=\"Zentrale_Klimaanlagen_vs_Dezentrale_Klimageraete\">Zentrale Klimaanlagen vs. Dezentrale Klimager\u00e4te<\/span><\/h3>\n<p><strong>Zentrale<\/strong> <strong>Geb\u00e4udeklimaanlagen<\/strong> sind durch die zuvor genannten Funktionen in einem Zuluft-Abluft Ger\u00e4t zusammengefasst. Von diesem zentralen Punkt aus verteilen sich die weiteren L\u00fcftungsschl\u00e4uche in die ben\u00f6tigten R\u00e4ume. Auch hierbei besteht eine weitere Unterteilung in Luft-\/Wasser-Anlagen und Nur-Luft-Anlagen. Die zugef\u00fchrte Au\u00dfenluft zur Temperierung verbleibt hierbei im zentralen Ger\u00e4t, w\u00e4hrend ein der Temperierung durch die Fl\u00e4chenheiz- und K\u00fchlger\u00e4te, die wassergebunden sind, erfolgt. Bei den Nur-Luft-Klimager\u00e4ten erfolgt die Konditionierung ausschlie\u00dflich durch die zugef\u00fchrte Au\u00dfenluft.<\/p>\n<p>Bei den <strong>Dezentralen<\/strong> <strong>Klimaanlagen<\/strong> bleibt die Unterteilung in Luft-\/Wasser-Klimaanlagen und Nur-Luft-Klimager\u00e4te wie bei den zentralen Klimaanlagen bestehen. Diese Form der Klimager\u00e4te kann Komforteinbu\u00dfen in puncto Luftqualit\u00e4t kosten, je nach Montagem\u00f6glichkeit. \u00a0Meistens werden dezentrale Klimaanlagen nachtr\u00e4glich in ein Geb\u00e4ude eingebaut und an den Au\u00dfenfassaden montiert. Heutzutage besteht jedoch die M\u00f6glichkeit einen Hybriden &#8211; in Form von einem dezentralen Abluftschlauch an der Au\u00dfenfassade zu einem zentralen Abluftger\u00e4t gef\u00fchrt, um so gesammelt \u00fcbers Dach zu entweichen.<\/p>\n<h3><span id=\"Bueroraeume_Wohnungen_und_Mobilitaet\">B\u00fcror\u00e4ume, Wohnungen und Mobilit\u00e4t<\/span><\/h3>\n<p>Auch die <strong>Arbeitsweise<\/strong> der <strong>Klimaanlage<\/strong> ist eine wichtige Typisierung von Klimager\u00e4ten und die Mobilit\u00e4t &#8211; hierbei bestehen Unterschiede in fest installierten oder mobilen Klimager\u00e4ten. Weitere Begriffe denen Sie begegnen, sind Monoblock und <a href=\"http:\/\/www.klimaanlage.info\/split-klimaanlage\/\">Split Klimaanlagen<\/a>.<\/p>\n<p><a href=\"http:\/\/www.klimaanlage.info\/mobile-klimaanlagen\/\"><strong>Mobile<\/strong> <strong>Klimager\u00e4te<\/strong><\/a> sind gerade aufgrund ihrer simplen Installation beliebt. Eine kurze Berechnung des ben\u00f6tigten Bedarfs, Entscheidung einer Marke, wie z. B. Midea treffen, liefern lassen, Abluftschlauch f\u00fcr die entstehende abzuf\u00fchrende Warmluft aus dem Fenster und fertig. Wer unempfindlich gegen einen erh\u00f6hten L\u00e4rmpegel ist, wird sich \u00fcber seine neue Anschaffung freuen.<\/p>\n<h2><a href=\"http:\/\/wp.klimaworld.com\/klimaanlage\/wp-content\/uploads\/sites\/2\/2015\/12\/Klimaanlagenarten-1.jpg\"><img loading=\"lazy\" decoding=\"async\" class=\"aligncenter wp-image-35 size-full\" src=\"http:\/\/wp.klimaworld.com\/klimaanlage\/wp-content\/uploads\/sites\/2\/2015\/12\/Klimaanlagenarten-1.jpg\" alt=\"Klimaanlagenarten\" width=\"1920\" height=\"577\" srcset=\"https:\/\/wp.klimaworld.com\/klimaanlage\/wp-content\/uploads\/sites\/2\/2015\/12\/Klimaanlagenarten-1.jpg 1920w, https:\/\/wp.klimaworld.com\/klimaanlage\/wp-content\/uploads\/sites\/2\/2015\/12\/Klimaanlagenarten-1-300x90.jpg 300w, https:\/\/wp.klimaworld.com\/klimaanlage\/wp-content\/uploads\/sites\/2\/2015\/12\/Klimaanlagenarten-1-768x231.jpg 768w, https:\/\/wp.klimaworld.com\/klimaanlage\/wp-content\/uploads\/sites\/2\/2015\/12\/Klimaanlagenarten-1-1024x308.jpg 1024w, https:\/\/wp.klimaworld.com\/klimaanlage\/wp-content\/uploads\/sites\/2\/2015\/12\/Klimaanlagenarten-1-260x78.jpg 260w, https:\/\/wp.klimaworld.com\/klimaanlage\/wp-content\/uploads\/sites\/2\/2015\/12\/Klimaanlagenarten-1-50x15.jpg 50w, https:\/\/wp.klimaworld.com\/klimaanlage\/wp-content\/uploads\/sites\/2\/2015\/12\/Klimaanlagenarten-1-155x47.jpg 155w\" sizes=\"(max-width: 1920px) 100vw, 1920px\" \/><\/a><\/h2>\n<h2><span id=\"Split_Geraete_und_Multisplit-Klimaanlagen\">Split Ger\u00e4te und Multisplit-Klimaanlagen<\/span><\/h2>\n<p>Eine weitere Kategorie bilden die <strong>Split Ger\u00e4te<\/strong>, die aus zwei Bauelementen bestehen. Das innen liegende Element dient der K\u00fchlung der Raumluft, das au\u00dfen liegende Bauelement hat die Funktion der Ableitung der entstandenen warmen Luft. Die Verbindung dieser beiden Ger\u00e4te bildet ein Kupferrohr &#8211; der K\u00e4ltekreislauf ist perfekt. Das ben\u00f6tigte K\u00e4ltemittel, meist R410 und die Installation ben\u00f6tigen auf jeden Fall eine Montage und Installation durch einen ausgebildeten Techniker. Die Split Ger\u00e4te k\u00f6nnen nicht nur als Mono-Split, sondern auch als Multi-Split-Ger\u00e4t angeboten werden. Hierbei besteht die M\u00f6glichkeit, dass mehrere R\u00e4ume gleichzeitig gek\u00fchlt, beheizt sowie be- und entfeuchtet werden. Die Bestandteile des inneren und \u00e4u\u00dferen Bauelements bleiben gleich, jedoch die \u00c4nderung des K\u00e4ltemittels kann sich \u00e4ndern. Nicht nur das R410, sondern auch H2O wird hier durch die Kupferrohre flie\u00dfen.<\/p>\n<p>Eine weitere Beachtung bei der Unterteilung bildet die Bel\u00fcftungsfunktion verschiedener Klimager\u00e4te. Sobald Au\u00dfenluft hinzu gef\u00fchrt wird, wird diese Klimaanlage als Klimager\u00e4t mit Bel\u00fcftungsfunktion bezeichnet. Handelt es sich um eine Umw\u00e4lzung ohne \u00e4u\u00dfere Luftzufuhr, handelt es sich um ein Klimager\u00e4t ohne Bel\u00fcftungsfunktion.<\/p>\n<p>Was ist jedoch mit Klimaanlagen im Auto, Flugzeug oder auf einem Schiff? Mobile Klimager\u00e4te ergeben in diesen R\u00e4umen keinen Sinn, fest installierte Klimager\u00e4te bilden den sicheren Weg. Doch sind auch hier auf Besonderheiten aufgrund der Mobilit\u00e4t der Fahrzeuge zu beachten. Gr\u00f6\u00dfe der Klimager\u00e4te und Automatisierung sind in diesem Themengebiet wichtig Begriffe, die Sie sich merken sollten.<\/p>\n<h3><span id=\"Das_Beste_kommt_zum_Schluss\">Das Beste kommt zum Schluss<\/span><\/h3>\n<p>Nachdem Sie nun einen kurzen \u00dcberblick \u00fcber die reichhaltige Vielfalt bekommen haben, brauchen Sie sich nur noch eine Frage zu stellen: Welcher Raum soll klimatisiert werden und welche Funktionen soll Ihre neue Klimaanlage erf\u00fcllen? Um Antworten zu finden, kontaktieren Sie uns doch sehr gerne oder durchst\u00f6bern Sie direkt unseren Shop: <a href=\"http:\/\/www.klimaworld.com\" target=\"_blank\">www.klimaworld.com<\/a>.<\/p>\n<p>&nbsp;<\/p>\n","protected":false},"excerpt":{"rendered":"<p>Inhaltsverzeichnis1 Klimaanlagen sind nicht gleich Klimaanlagen1.1 Klimager\u00e4te sollten nicht nur k\u00fchlen k\u00f6nnen1.2 Zentrale Klimaanlagen vs. Dezentrale Klimager\u00e4te1.3 B\u00fcror\u00e4ume, Wohnungen und Mobilit\u00e4t2 Split Ger\u00e4te und Multisplit-Klimaanlagen2.1 Das [&hellip;]<\/p>\n","protected":false},"author":2,"featured_media":0,"parent":0,"menu_order":0,"comment_status":"closed","ping_status":"closed","template":"","meta":{"footnotes":""},"_links":{"self":[{"href":"https:\/\/wp.klimaworld.com\/klimaanlage\/wp-json\/wp\/v2\/pages\/25"}],"collection":[{"href":"https:\/\/wp.klimaworld.com\/klimaanlage\/wp-json\/wp\/v2\/pages"}],"about":[{"href":"https:\/\/wp.klimaworld.com\/klimaanlage\/wp-json\/wp\/v2\/types\/page"}],"author":[{"embeddable":true,"href":"https:\/\/wp.klimaworld.com\/klimaanlage\/wp-json\/wp\/v2\/users\/2"}],"replies":[{"embeddable":true,"href":"https:\/\/wp.klimaworld.com\/klimaanlage\/wp-json\/wp\/v2\/comments?post=25"}],"version-history":[{"count":1,"href":"https:\/\/wp.klimaworld.com\/klimaanlage\/wp-json\/wp\/v2\/pages\/25\/revisions"}],"predecessor-version":[{"id":336,"href":"https:\/\/wp.klimaworld.com\/klimaanlage\/wp-json\/wp\/v2\/pages\/25\/revisions\/336"}],"wp:attachment":[{"href":"https:\/\/wp.klimaworld.com\/klimaanlage\/wp-json\/wp\/v2\/media?parent=25"}],"curies":[{"name":"wp","href":"https:\/\/api.w.org\/{rel}","templated":true}]}}