{"id":30,"date":"2015-12-03T10:22:15","date_gmt":"2015-12-03T09:22:15","guid":{"rendered":"http:\/\/klimaworld.ce-development.de\/?page_id=30"},"modified":"2016-08-08T21:22:21","modified_gmt":"2016-08-08T19:22:21","slug":"mobile-klimaanlagen","status":"publish","type":"page","link":"https:\/\/wp.klimaworld.com\/klimaanlage\/mobile-klimaanlagen\/","title":{"rendered":"Mobile Klimaanlagen"},"content":{"rendered":"<h2>Mobile Klimaanlagen von Midea<\/h2>\n<p>Wenn die Entscheidung f\u00fcr eine <strong>Klimaanlage<\/strong> gefallen ist, muss man sich nur noch sicher sein welche Variante f\u00fcr einen selbst am Geeignetsten ist: Wird es ein <strong>mobiles Klimager\u00e4t<\/strong> oder doch eher eine <strong>fest installiertes Klimager\u00e4t<\/strong>? Dabei sollte man nicht nur auf pers\u00f6nliche Vorlieben Wert legen, sondern sich auch seine Gegebenheiten und die Vor- und Nachteile mobiler Klimager\u00e4te ansehen. Wir geben Ihnen einen \u00dcberblick, der Ihnen die Entscheidung nicht abnehmen, jedoch erleichtern kann.<\/p>\n<p><strong>Mobile Klimager\u00e4te<\/strong> z\u00e4hlen zu der Kategorie der dezentralen Klimaanlagen und erfreuen sich immer gr\u00f6\u00dferer Beliebtheit in den Haushalten. Denn wie der Name schon sagt, die handlichen und\u00a0 unauff\u00e4lligen Mini Luftk\u00fchler k\u00f6nnen dort eingesetzt werden, wo der Bedarf besteht.<\/p>\n<p>Gerade in den warmen Sommermonaten hilft uns eine saubere k\u00fchle Luft einen klaren Kopf zu bewahren. Wer zu Hause ein eigenes B\u00fcro hat, sich in den hei\u00dfen Mittagsstunden lieber in das Wohnzimmer zur\u00fcck zieht oder nachts einfach kein Auge zubekommt, weil die stauende Hitze es unm\u00f6glich macht, der ist mit einer mobilen Klimaanlage gut beraten.<\/p>\n<p>Ein wichtiger Punkt, auch bei Klimaanlagen, ist die Qualit\u00e4t und die Energieeffizienz. Mit mobilen <strong>Klimager\u00e4ten<\/strong> von <strong>Midea<\/strong> treffen Sie eine gute Wahl. Diese <strong>beweglichen<\/strong> <strong>Klimaanlagen<\/strong>\u00a0lassen sich<\/p>\n<ul class=\"list\">\n<li>kinderleicht installieren<\/li>\n<li>haben ein zeitloses Design und<\/li>\n<li>lassen sich aufgrund modernster Technik zu beliebigen Tageszeiten programmieren, sodass Sie immer ein gew\u00fcnschtes Raumklima erzielen k\u00f6nnen.<\/li>\n<\/ul>\n<p>Verzichten Sie hierbei jedoch nicht auf eine\u00a0 pers\u00f6nliche Beratung aus unserem Hause, auch wenn Sie keinen professionellen Installateur ben\u00f6tigen, hilft eine individuelle Beratung ungemein, wenn es um das richtige mobile Klimager\u00e4t f\u00fcr Sie geht. Denn auch die Raumgr\u00f6\u00dfe und die Einsatzm\u00f6glichkeiten sollten gut durchdacht sein. Je nach Gr\u00f6\u00dfe des Raums ben\u00f6tigen Sie ein Klimager\u00e4t mit angepassten kW Zahlen. Bei einer Raumgr\u00f6\u00dfe <strong>bis 25m\u00b2<\/strong> reichen mobile Klimaanlagen mit 2,3 kW, bei z.B. Wohnzimmern (circa 40 m\u00b2) ben\u00f6tigen Sie eher 3,5 kW, um ein optimales Raumklima zu schaffen. Nutzen Sie gern unseren <a href=\"http:\/\/www.klimaanlage.info\/klimarechner\/\">Klimarechner<\/a> um Ihre Leistung einer Klimaanlage zu bestimmen.<\/p>\n<p>&nbsp;<\/p>\n<p>&nbsp;<\/p>\n<p>Grunds\u00e4tzlich haben Sie zwei M\u00f6glichkeiten sich zu entscheiden: ein <strong>mobiles<\/strong> <strong>Klimager\u00e4t<\/strong> mit oder ohne <strong>Abluftschlauch<\/strong>. Der Vorteil eines Ger\u00e4tes ohne Schlauch liegt auf der Hand:<\/p>\n<p style=\"text-align: center\"><em><strong> Sie ben\u00f6tigen keine baulichen Ma\u00dfnahmen um die absorbierte Luft nach drau\u00dfen zu geleiten. Denn die angesaugte Luft wird direkt im mobilen Klimager\u00e4t gereinigt. <\/strong><\/em><\/p>\n<p>Der Schlauch muss zwangsl\u00e4ufig entweder durch ein Fenster oder durch einen T\u00fcrschlitz verlegt werden. Die Funktionen des Erw\u00e4rmen und K\u00fchlen der Luft haben alle mobilen Klimager\u00e4te jedoch gemein.<\/p>\n<p>Auch im Bereich der beweglichen Klimager\u00e4te gibt es Monoblock und <a href=\"http:\/\/www.klimaanlage.info\/split-klimaanlage\/\">Split Klimaanlage<\/a> zur Auswahl. Die Entscheidung liegt bei Ihnen, die Vorteile von Split Ger\u00e4te sind ein geringerer Ger\u00e4uschpegel, durch die Trennung der Ger\u00e4te in Innen- und Au\u00dfenbereich. Die Einsatzbereitschaft ist bei jeder Form sehr komfortabel und steckfertig.<\/p>\n<p>Eine Monoblockger\u00e4t entzieht dem Raum die W\u00e4rme und leitet diese \u00fcber einen Albluftschlauch nach drau\u00dfen. Dre Vorteil an Monoblockger\u00e4ten ist, dass Sie aus einem Teil bestehen und keine aufwendige Installation notwendig ist. Die Ger\u00e4te sind Koffergro\u00df und \u00fcberall einsetzbar. Achten Sie darauf, dass der Albluftschlauch des Monoblockger\u00e4ts durch Abdichtungen keine warme Luft in das Zimmer l\u00e4sst.<\/p>\n<p><span style=\"text-decoration: underline\"><strong>Zusammenfassend: Moderne mobile Klimager\u00e4te haben eine sehr gute K\u00fchlleistung, meistens ein geringes Gewicht und ben\u00f6tigen wenig Platz. Der gro\u00dfe Vorteil bleibt die Mobilit\u00e4t und der schnelle Einsatz an beliebigen Orten.<\/strong><\/span><\/p>\n","protected":false},"excerpt":{"rendered":"<p>Mobile Klimaanlagen von Midea Wenn die Entscheidung f\u00fcr eine Klimaanlage gefallen ist, muss man sich nur noch sicher sein welche Variante f\u00fcr einen selbst am Geeignetsten [&hellip;]<\/p>\n","protected":false},"author":2,"featured_media":0,"parent":0,"menu_order":0,"comment_status":"closed","ping_status":"closed","template":"","meta":{"footnotes":""},"_links":{"self":[{"href":"https:\/\/wp.klimaworld.com\/klimaanlage\/wp-json\/wp\/v2\/pages\/30"}],"collection":[{"href":"https:\/\/wp.klimaworld.com\/klimaanlage\/wp-json\/wp\/v2\/pages"}],"about":[{"href":"https:\/\/wp.klimaworld.com\/klimaanlage\/wp-json\/wp\/v2\/types\/page"}],"author":[{"embeddable":true,"href":"https:\/\/wp.klimaworld.com\/klimaanlage\/wp-json\/wp\/v2\/users\/2"}],"replies":[{"embeddable":true,"href":"https:\/\/wp.klimaworld.com\/klimaanlage\/wp-json\/wp\/v2\/comments?post=30"}],"version-history":[{"count":2,"href":"https:\/\/wp.klimaworld.com\/klimaanlage\/wp-json\/wp\/v2\/pages\/30\/revisions"}],"predecessor-version":[{"id":312,"href":"https:\/\/wp.klimaworld.com\/klimaanlage\/wp-json\/wp\/v2\/pages\/30\/revisions\/312"}],"wp:attachment":[{"href":"https:\/\/wp.klimaworld.com\/klimaanlage\/wp-json\/wp\/v2\/media?parent=30"}],"curies":[{"name":"wp","href":"https:\/\/api.w.org\/{rel}","templated":true}]}}