{"id":52,"date":"2015-12-28T08:58:48","date_gmt":"2015-12-28T07:58:48","guid":{"rendered":"http:\/\/klimaworld.ce-development.de\/?page_id=52"},"modified":"2018-03-29T16:12:16","modified_gmt":"2018-03-29T14:12:16","slug":"split-klimaanlage","status":"publish","type":"page","link":"https:\/\/wp.klimaworld.com\/klimaanlage\/split-klimaanlage\/","title":{"rendered":"Split Klimaanlage"},"content":{"rendered":"<p>Sich im Klimaanlagen Dschungel zu Recht zu finden, bedarf einer ausf\u00fchrlichen Recherche, damit das passende Ger\u00e4t sp\u00e4ter auch f\u00fcr die n\u00f6tige Effizienz sorgt. Bei den verschiedenen <a href=\"http:\/\/www.klimaanlage.info\/klimaanlagenarten\/\">Klimaanlagenarten<\/a> gibt es eine unterschiedliche Auswahl an Monoblock Ger\u00e4ten, Split Ger\u00e4ten oder auch Multi Split Ger\u00e4ten. Der Unterschied zwischen diesen Klimager\u00e4ten liegt nicht nur in der Bauweise, sondern auch in der Montage und in der K\u00fchlung. Die Funktionen haben jedoch alle Klimager\u00e4te gemein, sie sollten: K\u00fchlen, Heizen, Be- und Entfeuchten (Ventilieren) der umgebenden Luft und das am besten Strom sparend. Alle Klimaanlagen haben jedoch ihre Vor- und Nachteile, je nach Bauart und Ihren eigenen W\u00fcnschen bzw. Ihrer Kompromissbereitschaft.<\/p>\n<div id=\"toc_container\" class=\"no_bullets\"><p class=\"toc_title\">Inhaltsverzeichnis<\/p><ul class=\"toc_list\"><li><a href=\"#Welche_Split_Klimaanlage_passt_zu_Ihnen\"><span class=\"toc_number toc_depth_1\">1<\/span> Welche Split Klimaanlage passt zu Ihnen?<\/a><ul><li><a href=\"#Aussengeraet_Inneneinheit_Kaeltemittelleitung_ein_perfekter_Kreislauf\"><span class=\"toc_number toc_depth_2\">1.1<\/span> Au\u00dfenger\u00e4t \u2013 Inneneinheit \u2013 K\u00e4ltemittelleitung \u2013 ein perfekter Kreislauf?<\/a><\/li><li><a href=\"#Comfee_die_Antwort_auf_alle_Klimaanlagen\"><span class=\"toc_number toc_depth_2\">1.2<\/span> Comfee \u2013 die Antwort auf alle Klimaanlagen?<\/a><\/li><li><a href=\"#Vorteile_Inverter_Klimaanlagen\"><span class=\"toc_number toc_depth_2\">1.3<\/span> Vorteile Inverter Klimaanlagen<\/a><\/li><\/ul><\/li><li><a href=\"#Arten_von_Split_Klimaanlagen\"><span class=\"toc_number toc_depth_1\">2<\/span> Arten von Split Klimaanlagen<\/a><ul><li><a href=\"#Muss_es_denn_immer_ein_Klimatechniker_sein\"><span class=\"toc_number toc_depth_2\">2.1<\/span> Muss es denn immer ein Klimatechniker sein?<\/a><\/li><li><a href=\"#Downloads\"><span class=\"toc_number toc_depth_2\">2.2<\/span> Downloads:<\/a><\/li><\/ul><\/li><\/ul><\/div>\n<h2><span id=\"Welche_Split_Klimaanlage_passt_zu_Ihnen\">Welche Split Klimaanlage passt zu Ihnen?<\/span><\/h2>\n<h3><span id=\"Aussengeraet_Inneneinheit_Kaeltemittelleitung_ein_perfekter_Kreislauf\">Au\u00dfenger\u00e4t \u2013 Inneneinheit \u2013 K\u00e4ltemittelleitung \u2013 ein perfekter Kreislauf?<\/span><\/h3>\n<p>Bei den Split Ger\u00e4ten handelt es sich, wie der Name schon sagt um zwei Ger\u00e4te, die durch Verbindung einer K\u00e4ltemittelleitung (meistens mit R410) einen in sich geschlossenen Kreislauf bilden. Das Au\u00dfenger\u00e4t wird hierbei direkt an die Hausfassade mithilfe einer Haltung montiert und die Inneneinheit kann individuell als Deckenkassette oder Wandsplit Ger\u00e4t angebracht werden. Je nach Bedarf k\u00f6nnen mehrere Innenger\u00e4te an nur einem Au\u00dfenger\u00e4t angeschlossen werden und mit Kupferrohren verbunden werden.<\/p>\n<p>Die K\u00fchlung der Luft erfolgt bei den Split Ger\u00e4ten am effektivsten im Vergleich zu z.B. Monoblock Klimager\u00e4ten, da durch einen perfekten Kreislauf (Dank K\u00e4ltemittel) eine sehr schnelle K\u00fchlung erfolgen kann. Auch positiv ist, dass in den \u00dcbergangsjahreszeiten, die Split Ger\u00e4te zur Erw\u00e4rmung der Innentemperatur dienen k\u00f6nnen. Hierbei kann ein Temperaturunterschied im Winter von bis zu \u00a0-15 \u00b0Celsius gut erreicht werden.<\/p>\n<h3><span id=\"Comfee_die_Antwort_auf_alle_Klimaanlagen\">Comfee \u2013 die Antwort auf alle Klimaanlagen?<\/span><\/h3>\n<p>Auch unterschiedliche Funktionen der Raumklimatisierung durch z.B. 3D Luftstrom oder der Turbo Funktion der Split Ger\u00e4te temperieren sehr schnell das Raumklima, das Sie sich w\u00fcnschen. Aus dem Hause Midea wird hier eine Vielzahl an Klimager\u00e4ten angeboten, die Frischluft sehr effizient erzielen.<\/p>\n<p>Bei Energieeffizienz liegt die <strong>Comfee<\/strong> <strong>Klimaanlage<\/strong> von <strong>Midea<\/strong> ganz weit vorne. Hierbei handelt es sich um eine <strong>Inverterklimaanlage<\/strong> mit einer <strong>W\u00e4rmepumpentechnik<\/strong>, die sowohl beim Heizen, als auch beim K\u00fchlen mindestens eine Energieeffizienzklasse A aufweist. Die Invertertechnologie sorgt f\u00fcr ein konstantes Raumklima und somit f\u00fcr st\u00e4ndig frische und saubere Luft.<\/p>\n<h3><span id=\"Vorteile_Inverter_Klimaanlagen\">Vorteile Inverter Klimaanlagen<\/span><\/h3>\n<ul class=\"list list_tick\">\n<li style=\"list-style-type: none\">\n<ul class=\"list list_tick\">\n<li><strong>K\u00fchlen &amp; Heizen<\/strong><\/li>\n<\/ul>\n<\/li>\n<\/ul>\n<p>Erleben Sie 12 Monate angenehmes Raumklima: K\u00fchlen im Sommer und Heizen im Winter bei Au\u00dfentemperaturen bis zu -15\u00b0C mit W\u00e4rmepumpentechnologie.<\/p>\n<ul class=\"list list_tick\">\n<li style=\"list-style-type: none\">\n<ul class=\"list list_tick\">\n<li><strong>Stromkosten sparen<\/strong><\/li>\n<\/ul>\n<\/li>\n<\/ul>\n<p>Energiekostenersparnis mit Hilfe der Invertertechnologie im Vergleich zu normalen On\/Off Splitger\u00e4ten.<\/p>\n<ul class=\"list list_tick\">\n<li style=\"list-style-type: none\">\n<ul class=\"list list_tick\">\n<li><strong>Fl\u00fcsterleiser Betrieb<\/strong><\/li>\n<\/ul>\n<\/li>\n<\/ul>\n<p>Durch kontinuierlichen Betrieb kommt es zur Vermeidung von lauten Anlaufger\u00e4uschen.<\/p>\n<ul class=\"list list_tick\">\n<li style=\"list-style-type: none\">\n<ul class=\"list list_tick\">\n<li><strong>Effizienz<\/strong><\/li>\n<\/ul>\n<\/li>\n<\/ul>\n<p>Auf die gew\u00fcnschte Raumtemperatur angepasste Leistung, die schnell erreicht und konstant gehalten wird mittels drehzahlgeregeltem Motor. H\u00f6here Effizienz im Vergleich zu On\/Off Klimaanlagen. Schnelleres Erreichen der Wunschtemperatur durch Powertechnologie.<\/p>\n<ul class=\"list list_tick\">\n<li style=\"list-style-type: none\">\n<ul class=\"list list_tick\">\n<li><strong>Kosteng\u00fcnstiges Heizen<\/strong><\/li>\n<\/ul>\n<\/li>\n<\/ul>\n<p>Kosteng\u00fcnstiges Heizen durch 1-Raum-W\u00e4rmepumpentechnologie.<\/p>\n<ul class=\"list list_tick\">\n<li style=\"list-style-type: none\">\n<ul class=\"list list_tick\">\n<li><strong>Wohlf\u00fchlklima<\/strong><\/li>\n<\/ul>\n<\/li>\n<\/ul>\n<p>Konstantere Temperatur im K\u00fchl- und Heizmodus (Wohlf\u00fchlklima).<br \/>\nAuch bei den Comfee Klimaanlagen von Medea\u00a0gibt es unterschiedliche Ausf\u00fchrungen, je nach kW-Bedarf der Raumgr\u00f6\u00dfe erhalten Sie Klimager\u00e4te f\u00fcr Raumgr\u00f6\u00dfen von 25 m\u00b2 oder gr\u00f6\u00dfer. Eine einfache Bedienung, meist stufenlos, erfolgt durch die mitgelieferte Fernbedienung.<\/p>\n<p>&nbsp;<\/p>\n<h2><span id=\"Arten_von_Split_Klimaanlagen\">Arten von Split Klimaanlagen<\/span><\/h2>\n<p>&nbsp;<\/p>\n<h3><span id=\"Muss_es_denn_immer_ein_Klimatechniker_sein\">Muss es denn immer ein Klimatechniker sein?<\/span><\/h3>\n<p>Mittlerweile ist es nicht immer notwendig, die Montage einer Split Klimaanlage von einem Fachmann teuer zu bezahlen.\u00a0 Das Anbringen an der Wand etwa, kann auch von handwerklich begabten Personen durchgef\u00fchrt werden. Der Anschluss der der K\u00e4ltemittelleitung muss allerdings durch eine zertifizierte Person erfolgen, aber keine Angst: Durch Schnellkupplung und Schnellverschl\u00fcsse an der K\u00e4ltemittelleitung\u00a0beim Comfee Split Klimager\u00e4t von Midea spart sich der Klimaanlagentechniker Zeit und die Kosten bleiben geringer.<\/p>\n<h3><span id=\"Downloads\">Downloads:<\/span><\/h3>\n<p><a href=\"http:\/\/Au\u00dfenger\u00e4t \u2013 Inneneinheit \u2013 K\u00e4ltemittelleitung \u2013 ein perfekter Kreislauf? Bei den Split Ger\u00e4ten handelt es sich, wie der Name schon sagt um zwei Ger\u00e4te, die durch Verbindung einer K\u00e4ltemittelleitung (meistens mit R410) einen in sich geschlossenen Kreislauf bilden. Das Au\u00dfenger\u00e4t wird hierbei direkt an die Hausfassade mithilfe einer Haltung montiert und die Inneneinheit kann individuell als Deckenkassette oder Wandsplit Ger\u00e4t angebracht werden. Je nach Bedarf k\u00f6nnen mehrere Innenger\u00e4te an nur einem Au\u00dfenger\u00e4t angeschlossen werden und mit Kupferrohren verbunden werden. Die K\u00fchlung der Luft erfolgt bei den Split Ger\u00e4ten am effektivsten im Vergleich zu z.B. Monoblock Klimager\u00e4ten, da durch einen perfekten Kreislauf (Dank K\u00e4ltemittel) eine sehr schnelle K\u00fchlung erfolgen kann. Auch positiv ist, dass in den \u00dcbergangsjahreszeiten, die Split Ger\u00e4te zur Erw\u00e4rmung der Innentemperatur dienen k\u00f6nnen. Hierbei kann ein Temperaturunterschied im Winter von bis zu -15 \u00b0Celsius gut erreicht werden. Comfee \u2013 die Antwort auf alle Klimaanlagen? Auch unterschiedliche Funktionen der Raumklimatisierung durch z.B. 3D Luftstrom oder der Turbo Funktion der Split Ger\u00e4te temperieren sehr schnell das Raumklima, das Sie sich w\u00fcnschen. Aus dem Hause Midea wird hier eine Vielzahl an Klimager\u00e4ten angeboten, die Frischluft sehr effizient erzielen. Bei Energieeffizienz liegt die Comfee Klimaanlage von Midea ganz weit vorne. Hierbei handelt es sich um eine Inverterklimaanlage mit einer W\u00e4rmepumpentechnik, die sowohl beim Heizen, als auch beim K\u00fchlen mindestens eine Energieeffizienzklasse A aufweist. Die Invertertechnologie sorgt f\u00fcr ein konstantes Raumklima und somit f\u00fcr st\u00e4ndig frische und saubere Luft. Auch bei diesen Ger\u00e4ten gibt es unterschiedliche Ausf\u00fchrung, je nach kW-Bedarf der Raumgr\u00f6\u00dfe erhalten Sie Klimager\u00e4te f\u00fcr Raumgr\u00f6\u00dfen von 25 m\u00b2 oder gr\u00f6\u00dfer. Eine einfache Bedienung, meist stufenlos, erfolgt durch die mitgelieferte Fernbedienung. Muss es denn immer ein Klimatechniker sein? Mittlerweile ist es nicht immer notwendig, die Montage einer Split Klimaanlage von einem Fachmann teuer zu bezahlen. Auch das Comfee Split Klimager\u00e4t von Midea erspart den Klimaanlagentechniker, m\u00f6glich durch Schnellkupplung und Schnellverschl\u00fcsse an der K\u00e4ltemittelleitung. Wenn an Ihnen kein Handwerker verloren gegangen ist, sparen Sie sicher etwas Budget. Es ist nat\u00fcrlich trotzdem immer m\u00f6glich, eine fachgerechte und individuelle Beratung zu erhalten und so kleinere Unsicherheiten zu vermeiden. Der Vorteil gegen\u00fcber einer Monoblock Klimaanlage liegt in der schnellen und effektiven K\u00fchlung und Ventilieren der Luft. Ein Nachteil ist, dass sie nicht ansatzweise so mobil sind und wenn kein handwerkliches Geschick vorhanden ist, ein Klimaanlagentechniker ben\u00f6tigt wird, um die baulichen Ma\u00dfnahmen durchzuf\u00fchren. Der Ger\u00e4uschpegel h\u00e4lt sich jedoch bei einem Split Ger\u00e4t (sowohl innen als auch au\u00dfen) deutlich in Grenzen.\" target=\"_blank\" rel=\"noopener\">Installationsanleitung<\/a><\/p>\n<p><a href=\"http:\/\/www.mideagermany.de\/fileadmin\/user_upload\/AC\/SplitMulti\/USERMANUAL_DE_MultiSplit.pdf\" target=\"_blank\" rel=\"noopener\">Bedienungsanleitung<\/a><\/p>\n<p>&nbsp;<\/p>\n<p>Der Vorteil gegen\u00fcber einer Monoblock Klimaanlage liegt in der schnellen und effektiven K\u00fchlung und Ventilieren der Luft. Ein Nachteil ist, dass sie nicht ansatzweise so mobil sind und wenn kein handwerkliches Geschick vorhanden ist, ein Klimaanlagentechniker ben\u00f6tigt wird, um die baulichen Ma\u00dfnahmen durchzuf\u00fchren. Der Ger\u00e4uschpegel h\u00e4lt sich jedoch bei einem Split Ger\u00e4t (sowohl innen als auch au\u00dfen) deutlich in Grenzen.<\/p>\n<p><a href=\"http:\/\/wp.klimaworld.com\/klimaanlage\/wp-content\/uploads\/sites\/2\/2015\/12\/kaeltemittelkreislauf-1.jpg\"><img loading=\"lazy\" decoding=\"async\" class=\"size-medium wp-image-113 aligncenter\" src=\"http:\/\/wp.klimaworld.com\/klimaanlage\/wp-content\/uploads\/sites\/2\/2015\/12\/kaeltemittelkreislauf-1-300x198.jpg\" alt=\"Split Klimaanlage K\u00e4ltemittelkreislauf \" width=\"300\" height=\"198\" srcset=\"https:\/\/wp.klimaworld.com\/klimaanlage\/wp-content\/uploads\/sites\/2\/2015\/12\/kaeltemittelkreislauf-1-300x198.jpg 300w, https:\/\/wp.klimaworld.com\/klimaanlage\/wp-content\/uploads\/sites\/2\/2015\/12\/kaeltemittelkreislauf-1-222x146.jpg 222w, https:\/\/wp.klimaworld.com\/klimaanlage\/wp-content\/uploads\/sites\/2\/2015\/12\/kaeltemittelkreislauf-1-50x33.jpg 50w, https:\/\/wp.klimaworld.com\/klimaanlage\/wp-content\/uploads\/sites\/2\/2015\/12\/kaeltemittelkreislauf-1-121x80.jpg 121w, https:\/\/wp.klimaworld.com\/klimaanlage\/wp-content\/uploads\/sites\/2\/2015\/12\/kaeltemittelkreislauf-1.jpg 548w\" sizes=\"(max-width: 300px) 100vw, 300px\" \/><\/a><\/p>\n","protected":false},"excerpt":{"rendered":"<p>Sich im Klimaanlagen Dschungel zu Recht zu finden, bedarf einer ausf\u00fchrlichen Recherche, damit das passende Ger\u00e4t sp\u00e4ter auch f\u00fcr die n\u00f6tige Effizienz sorgt. Bei den verschiedenen [&hellip;]<\/p>\n","protected":false},"author":2,"featured_media":0,"parent":0,"menu_order":0,"comment_status":"closed","ping_status":"closed","template":"","meta":{"footnotes":""},"_links":{"self":[{"href":"https:\/\/wp.klimaworld.com\/klimaanlage\/wp-json\/wp\/v2\/pages\/52"}],"collection":[{"href":"https:\/\/wp.klimaworld.com\/klimaanlage\/wp-json\/wp\/v2\/pages"}],"about":[{"href":"https:\/\/wp.klimaworld.com\/klimaanlage\/wp-json\/wp\/v2\/types\/page"}],"author":[{"embeddable":true,"href":"https:\/\/wp.klimaworld.com\/klimaanlage\/wp-json\/wp\/v2\/users\/2"}],"replies":[{"embeddable":true,"href":"https:\/\/wp.klimaworld.com\/klimaanlage\/wp-json\/wp\/v2\/comments?post=52"}],"version-history":[{"count":4,"href":"https:\/\/wp.klimaworld.com\/klimaanlage\/wp-json\/wp\/v2\/pages\/52\/revisions"}],"predecessor-version":[{"id":330,"href":"https:\/\/wp.klimaworld.com\/klimaanlage\/wp-json\/wp\/v2\/pages\/52\/revisions\/330"}],"wp:attachment":[{"href":"https:\/\/wp.klimaworld.com\/klimaanlage\/wp-json\/wp\/v2\/media?parent=52"}],"curies":[{"name":"wp","href":"https:\/\/api.w.org\/{rel}","templated":true}]}}