{"id":64,"date":"2015-12-28T09:19:23","date_gmt":"2015-12-28T08:19:23","guid":{"rendered":"http:\/\/klimaworld.ce-development.de\/?page_id=64"},"modified":"2018-03-26T13:17:18","modified_gmt":"2018-03-26T11:17:18","slug":"startseite","status":"publish","type":"page","link":"https:\/\/wp.klimaworld.com\/klimaanlage\/","title":{"rendered":"Startseite"},"content":{"rendered":"<div id=\"toc_container\" class=\"no_bullets\"><p class=\"toc_title\">Inhaltsverzeichnis<\/p><ul class=\"toc_list\"><li><a href=\"#Klimaanlageinfo_8211_Informationen_zu_Klimaanlagen_und_Klimageraeten\"><span class=\"toc_number toc_depth_1\">1<\/span> Klimaanlage.info &#8211; Informationen zu Klimaanlagen und Klimager\u00e4ten<\/a><\/li><li><a href=\"#Fuer_jeden_Bedarf_die_passende_Klimaanlage\"><span class=\"toc_number toc_depth_1\">2<\/span> F\u00fcr jeden Bedarf die passende Klimaanlage<\/a><\/li><li><a href=\"#Strombedarf\"><span class=\"toc_number toc_depth_1\">3<\/span> Strombedarf<\/a><\/li><li><a href=\"#Quick_Connector_Schnell_angeschlossen\"><span class=\"toc_number toc_depth_1\">4<\/span> Quick Connector: Schnell angeschlossen<\/a><\/li><\/ul><\/div>\n<h2><span id=\"Klimaanlageinfo_8211_Informationen_zu_Klimaanlagen_und_Klimageraeten\">Klimaanlage.info &#8211; Informationen zu Klimaanlagen und Klimager\u00e4ten<\/span><\/h2>\r\nSie sind auf der Suche nach der passenden <a href=\"http:\/\/www.klimaworld.com\/klimaanlagen-und-klimagerate.html\" target=\"_blank\" rel=\"noopener\">Klimaanlage<\/a> f\u00fcr Ihre Bed\u00fcrfnisse und haben Fragen zu den verschiedenen Typen? Hier finden Sie das richtige Model und alle wichtigen Infos zum preiswerten K\u00fchlen, Heizen, Be- und Entfeuchten Ihrer R\u00e4umlichkeiten <em>\u2013<\/em> schlie\u00dflich k\u00f6nnen die Klimager\u00e4te weit mehr als f\u00fcr einen k\u00fchlen Kopf sorgen. Am Ende wissen Sie:\r\n<ul>\r\n \t<li><em><em><strong>Welches Klimager\u00e4t ist das Richtige?<\/strong><\/em><\/em><\/li>\r\n \t<li><em><em><strong>Wieviel Watt braucht die Klimaanlage?<\/strong><\/em><\/em><\/li>\r\n \t<li><em><strong>Ist ein Profi f\u00fcr die Installation und Wartung notwendig?<\/strong><\/em><\/li>\r\n<\/ul>\r\n&nbsp;\r\n<h2><span id=\"Fuer_jeden_Bedarf_die_passende_Klimaanlage\">F\u00fcr jeden Bedarf die passende Klimaanlage<\/span><\/h2>\r\nDaf\u00fcr stehen Ihnen Infos zu den verschiedenen Arten von Klimaanlagen zur Verf\u00fcgung: <a href=\"http:\/\/www.klimaanlage.info\/mobile-klimaanlagen\/\">Mobile Klimager\u00e4te<\/a>, <a href=\"http:\/\/www.klimaanlage.info\/split-klimaanlage\/\">Split-Klimaanlagen<\/a> und <a href=\"http:\/\/www.klimaanlage.info\/inverter-klimageraet\/\">Inverter-Klimaanlagen<\/a>. So finden Sie schnell und einfach genau das richtige Ger\u00e4t f\u00fcr Ihre privaten und gewerblichen Zwecke.\r\n\r\nDamit Sie sich ein genaues Bild machen k\u00f6nnen, haben wir zudem <a href=\"http:\/\/www.klimaanlage.info\/klimaanlagen-test\/\">Testergebnisse<\/a> in einem Vergleichstest verschiedener Beispielmodelle des Herstellers <a href=\"http:\/\/www.klimaworld.com\/klimaanlagen-und-klimagerate\/hersteller\/midea\/preis\/575-5699.html\" target=\"_blank\" rel=\"noopener\">Midea<\/a> f\u00fcr Sie bereitgestellt.\r\n\r\n\n\t\t<style type=\"text\/css\">\n\t\t\t#gallery-1 {\n\t\t\t\tmargin: auto;\n\t\t\t}\n\t\t\t#gallery-1 .gallery-item {\n\t\t\t\tfloat: left;\n\t\t\t\tmargin-top: 10px;\n\t\t\t\ttext-align: center;\n\t\t\t\twidth: 33%;\n\t\t\t}\n\t\t\t#gallery-1 img {\n\t\t\t\tborder: 2px solid #cfcfcf;\n\t\t\t}\n\t\t\t#gallery-1 .gallery-caption {\n\t\t\t\tmargin-left: 0;\n\t\t\t}\n\t\t\t\/* see gallery_shortcode() in wp-includes\/media.php *\/\n\t\t<\/style>\n\t\t<div id='gallery-1' class='gallery galleryid-64 gallery-columns-3 gallery-size-full'><dl class='gallery-item'>\n\t\t\t<dt class='gallery-icon landscape'>\n\t\t\t\t<img loading=\"lazy\" decoding=\"async\" width=\"753\" height=\"444\" src=\"https:\/\/wp.klimaworld.com\/klimaanlage\/wp-content\/uploads\/sites\/2\/2015\/12\/Midea-Duct-1.png\" class=\"attachment-full size-full\" alt=\"\" srcset=\"https:\/\/wp.klimaworld.com\/klimaanlage\/wp-content\/uploads\/sites\/2\/2015\/12\/Midea-Duct-1.png 753w, https:\/\/wp.klimaworld.com\/klimaanlage\/wp-content\/uploads\/sites\/2\/2015\/12\/Midea-Duct-1-300x177.png 300w, https:\/\/wp.klimaworld.com\/klimaanlage\/wp-content\/uploads\/sites\/2\/2015\/12\/Midea-Duct-1-248x146.png 248w, https:\/\/wp.klimaworld.com\/klimaanlage\/wp-content\/uploads\/sites\/2\/2015\/12\/Midea-Duct-1-50x29.png 50w, https:\/\/wp.klimaworld.com\/klimaanlage\/wp-content\/uploads\/sites\/2\/2015\/12\/Midea-Duct-1-136x80.png 136w\" sizes=\"(max-width: 753px) 100vw, 753px\" \/>\n\t\t\t<\/dt><\/dl><dl class='gallery-item'>\n\t\t\t<dt class='gallery-icon landscape'>\n\t\t\t\t<img loading=\"lazy\" decoding=\"async\" width=\"909\" height=\"480\" src=\"https:\/\/wp.klimaworld.com\/klimaanlage\/wp-content\/uploads\/sites\/2\/2015\/12\/Midea-Casette-Type-1.png\" class=\"attachment-full size-full\" alt=\"\" srcset=\"https:\/\/wp.klimaworld.com\/klimaanlage\/wp-content\/uploads\/sites\/2\/2015\/12\/Midea-Casette-Type-1.png 909w, https:\/\/wp.klimaworld.com\/klimaanlage\/wp-content\/uploads\/sites\/2\/2015\/12\/Midea-Casette-Type-1-300x158.png 300w, https:\/\/wp.klimaworld.com\/klimaanlage\/wp-content\/uploads\/sites\/2\/2015\/12\/Midea-Casette-Type-1-768x406.png 768w, https:\/\/wp.klimaworld.com\/klimaanlage\/wp-content\/uploads\/sites\/2\/2015\/12\/Midea-Casette-Type-1-260x137.png 260w, https:\/\/wp.klimaworld.com\/klimaanlage\/wp-content\/uploads\/sites\/2\/2015\/12\/Midea-Casette-Type-1-50x26.png 50w, https:\/\/wp.klimaworld.com\/klimaanlage\/wp-content\/uploads\/sites\/2\/2015\/12\/Midea-Casette-Type-1-152x80.png 152w\" sizes=\"(max-width: 909px) 100vw, 909px\" \/>\n\t\t\t<\/dt><\/dl><dl class='gallery-item'>\n\t\t\t<dt class='gallery-icon landscape'>\n\t\t\t\t<img loading=\"lazy\" decoding=\"async\" width=\"851\" height=\"450\" src=\"https:\/\/wp.klimaworld.com\/klimaanlage\/wp-content\/uploads\/sites\/2\/2015\/12\/Mission-Comfort-1.png\" class=\"attachment-full size-full\" alt=\"\" srcset=\"https:\/\/wp.klimaworld.com\/klimaanlage\/wp-content\/uploads\/sites\/2\/2015\/12\/Mission-Comfort-1.png 851w, https:\/\/wp.klimaworld.com\/klimaanlage\/wp-content\/uploads\/sites\/2\/2015\/12\/Mission-Comfort-1-300x159.png 300w, https:\/\/wp.klimaworld.com\/klimaanlage\/wp-content\/uploads\/sites\/2\/2015\/12\/Mission-Comfort-1-768x406.png 768w, https:\/\/wp.klimaworld.com\/klimaanlage\/wp-content\/uploads\/sites\/2\/2015\/12\/Mission-Comfort-1-260x137.png 260w, https:\/\/wp.klimaworld.com\/klimaanlage\/wp-content\/uploads\/sites\/2\/2015\/12\/Mission-Comfort-1-50x26.png 50w, https:\/\/wp.klimaworld.com\/klimaanlage\/wp-content\/uploads\/sites\/2\/2015\/12\/Mission-Comfort-1-151x80.png 151w\" sizes=\"(max-width: 851px) 100vw, 851px\" \/>\n\t\t\t<\/dt><\/dl><br style=\"clear: both\" \/>\n\t\t<\/div>\n\r\n<h2><span id=\"Strombedarf\">Strombedarf<\/span><\/h2>\r\nUm genau zu wissen, wie viel Energiebedarf Ihre Klimaanlage hat, steht der praktische <a href=\"http:\/\/www.klimaanlage.info\/klimarechner\/\">Klimarechner<\/a> bereit: Darin geben Sie Raumgr\u00f6\u00dfe, Personenanzahl, vorhandene Fenster und weitere wichtige Parameter ein. Im Anschluss liefert der Rechner eine \u00dcbersicht aller Modelle mit ausreichender Leistung. Von dort aus gelangen Sie auf Wunsch auch direkt in den Shop von <a href=\"http:\/\/www.klimaworld.com\/\" target=\"_blank\" rel=\"noopener\">Klimaworld.com<\/a> mit g\u00fcnstigen Preisen und passendem Zubeh\u00f6r.\r\n\r\n&nbsp;\r\n<h2><span id=\"Quick_Connector_Schnell_angeschlossen\">Quick Connector: Schnell angeschlossen<\/span><\/h2>\r\nWer selbst ohne Vorwissen Vorbereitungen treffen m\u00f6chte,\u00a0 bekommt auf Klimaanlage.info auch alle wichtigen Fakten zu den praktischen <a href=\"http:\/\/www.klimaanlage.info\/quick-connector-klimaanlage\/\">Quick-Connector-Anlagen<\/a> erkl\u00e4rt. <strong>Diese Split-Klimaanlagen k\u00f6nnen Sie schnell angeschlossen werden, die Zeit und Kosten f\u00fcr die Montage bleiben dadurch minimal<\/strong>!\r\n\r\nEgal also, ob Sie sich erst einmal einen \u00dcberblick \u00fcber <a href=\"http:\/\/www.klimaworld.com\/klimaanlagen-und-klimagerate.html\" target=\"_blank\" rel=\"noopener\">Klimaanlagen<\/a> verschaffen m\u00f6chten oder Ihr B\u00fcrogeb\u00e4ude perfekt klimatisieren wollen <em>\u2013<\/em> hier finden Sie alle Antworten auf Ihre Fragen. Aber beachten Sie:\u00a0<strong>Gem\u00e4\u00df EU-Verordnung 517\/2014 d\u00fcrfen Split-Anlagen zur Wahrung des Garantieanspruches nur von einem zertifizierten Fachbetrieb oder Fachpersonal installiert und in Betrieb genommen werden.<\/strong>","protected":false},"excerpt":{"rendered":"Inhaltsverzeichnis1 Klimaanlage.info &#8211; Informationen zu Klimaanlagen und Klimager\u00e4ten2 F\u00fcr jeden Bedarf die passende Klimaanlage3 Strombedarf4 Quick Connector: Schnell angeschlossen Klimaanlage.info &#8211; Informationen zu Klimaanlagen und Klimager\u00e4ten [&hellip;]","protected":false},"author":2,"featured_media":0,"parent":0,"menu_order":0,"comment_status":"closed","ping_status":"closed","template":"","meta":{"footnotes":""},"_links":{"self":[{"href":"https:\/\/wp.klimaworld.com\/klimaanlage\/wp-json\/wp\/v2\/pages\/64"}],"collection":[{"href":"https:\/\/wp.klimaworld.com\/klimaanlage\/wp-json\/wp\/v2\/pages"}],"about":[{"href":"https:\/\/wp.klimaworld.com\/klimaanlage\/wp-json\/wp\/v2\/types\/page"}],"author":[{"embeddable":true,"href":"https:\/\/wp.klimaworld.com\/klimaanlage\/wp-json\/wp\/v2\/users\/2"}],"replies":[{"embeddable":true,"href":"https:\/\/wp.klimaworld.com\/klimaanlage\/wp-json\/wp\/v2\/comments?post=64"}],"version-history":[{"count":6,"href":"https:\/\/wp.klimaworld.com\/klimaanlage\/wp-json\/wp\/v2\/pages\/64\/revisions"}],"predecessor-version":[{"id":324,"href":"https:\/\/wp.klimaworld.com\/klimaanlage\/wp-json\/wp\/v2\/pages\/64\/revisions\/324"}],"wp:attachment":[{"href":"https:\/\/wp.klimaworld.com\/klimaanlage\/wp-json\/wp\/v2\/media?parent=64"}],"curies":[{"name":"wp","href":"https:\/\/api.w.org\/{rel}","templated":true}]}}